{"id":1135,"date":"2013-03-06T11:23:48","date_gmt":"2013-03-06T11:23:48","guid":{"rendered":"http:\/\/www.artspeculation.net\/?page_id=1135"},"modified":"2022-04-11T22:07:24","modified_gmt":"2022-04-11T22:07:24","slug":"adaptation","status":"publish","type":"page","link":"https:\/\/www.artspeculation.net\/?page_id=1135","title":{"rendered":"Adaptation"},"content":{"rendered":"<p>2013 &#8211; Projet internet et performance &#8211; appel \u00e0 projet COAL<br \/>\nTh\u00e8me : \u00ab\u00a0L&rsquo;adaptation\u00a0\u00bb<br \/>\n\n\n<div class=\"ngg-galleryoverview ngg-slideshow\"\n\t id=\"ngg-slideshow-46523860b5c49eab6be37e238462c84d-720387660\"\n     data-gallery-id=\"46523860b5c49eab6be37e238462c84d\"\n     style=\"max-width: 800px; max-height: 600px;\">\n\n \t<div id=\"ngg-image-0\" class=\"ngg-gallery-slideshow-image\" style=\"height:600px\">\n\n        <a href=\"https:\/\/www.artspeculation.net\/wp-content\/gallery\/adaptation\/adaptation1.jpg\"\n           title=\"\"\n           data-src=\"https:\/\/www.artspeculation.net\/wp-content\/gallery\/adaptation\/adaptation1.jpg\"\n           data-thumbnail=\"https:\/\/www.artspeculation.net\/wp-content\/gallery\/adaptation\/thumbs\/thumbs_adaptation1.jpg\"\n           data-image-id=\"154\"\n           data-title=\"adaptation1\"\n           data-description=\"\"\n           >\n\n            <img data-image-id='154'\n                 title=\"\"\n                 alt=\"adaptation1\"\n                 src=\"https:\/\/www.artspeculation.net\/wp-content\/gallery\/adaptation\/adaptation1.jpg\"\n                 style=\"max-height: 580px;\"\/>\n        <\/a>\n\n        <\/div> \n<div id=\"ngg-image-1\" class=\"ngg-gallery-slideshow-image\" style=\"height:600px\">\n\n        <a href=\"https:\/\/www.artspeculation.net\/wp-content\/gallery\/adaptation\/adaptation2.jpg\"\n           title=\"\"\n           data-src=\"https:\/\/www.artspeculation.net\/wp-content\/gallery\/adaptation\/adaptation2.jpg\"\n           data-thumbnail=\"https:\/\/www.artspeculation.net\/wp-content\/gallery\/adaptation\/thumbs\/thumbs_adaptation2.jpg\"\n           data-image-id=\"155\"\n           data-title=\"adaptation2\"\n           data-description=\"\"\n           >\n\n            <img data-image-id='155'\n                 title=\"\"\n                 alt=\"adaptation2\"\n                 src=\"https:\/\/www.artspeculation.net\/wp-content\/gallery\/adaptation\/adaptation2.jpg\"\n                 style=\"max-height: 580px;\"\/>\n        <\/a>\n\n        <\/div> \n<\/div>\n\n\n\t\t<!-- Thumbnails Link -->\n\t<div class=\"slideshowlink\" style=\"max-width: 800px;\">\n        <a href='https:\/\/www.artspeculation.net\/index.php\/nggallery\/thumbnails?page_id=1135'><\/a>\n\t<\/div>\n\n<\/p>\n<p>Pour les \u00e9cologues, l\u2019adaptation est un processus passif, r\u00e9sultat d\u2019une s\u00e9lection naturelle de certains caract\u00e8res h\u00e9r\u00e9ditaires qui procurent aux individus qui les poss\u00e8dent un avantage sur les autres vis \u00e0 vis d\u2019une pression environnementale, d\u2019une modification de leur habitat. Ce processus adaptatif se d\u00e9roule g\u00e9n\u00e9ralement sur des p\u00e9riodes longues. On dira pour simplifier qu&rsquo;une esp\u00e8ce est particuli\u00e8rement bien adapt\u00e9e \u00e0 son habitat, si elle n\u2019occupe que ce type de milieu tr\u00e8s sp\u00e9cifique. Cet avantage \u00e9cologique devient un pi\u00e8ge pour ces esp\u00e8ces sp\u00e9cialis\u00e9es lorsque leur milieu sp\u00e9cifique subit des modifications rapides ou est d\u00e9truit. Ces esp\u00e8ces, tr\u00e8s adapt\u00e9es \u00e0 un type de milieu, sont finalement moins aptes \u00e0 r\u00e9sister \u00e0 des modifications rapides de leur environnement.<\/p>\n<p>Pour les \u00e9cologistes, l&rsquo;adaptation est au contraire une vertu active et souhaitable, gr\u00e2ce \u00e0 laquelle l&rsquo;esp\u00e8ce humaine, en pr\u00e9vision d&rsquo;une \u00e9volution \u00e0 venir suppos\u00e9e peu favorable, serait capable de mettre en place des strat\u00e9gies destin\u00e9es \u00e0 \u00e9viter, ou pour le moins limiter, l\u2019apparition de pressions environnementales r\u00e9sultant de modifications de l\u2019environnement ext\u00e9rieur induites par l\u2019activit\u00e9 humaine. L&rsquo;id\u00e9al, qui prend le nom de d\u00e9veloppement durable, permettrait une am\u00e9lioration des conditions de vie, tout en limitant ces modifications du milieu susceptibles de devenir des pressions qui d\u00e9t\u00e9rioreraient nos conditions de vie. Cette philosophie tr\u00e8s conservatrice est assez \u00e9loign\u00e9e de la r\u00e9alit\u00e9 biologique dans laquelle l&rsquo;univers, et particuli\u00e8rement le monde vivant, est en perp\u00e9tuel \u00e9volution et o\u00f9 toute situation stable n\u2019est qu\u2019apparente ou transitoire.<\/p>\n<p>Bien s\u00fbr on a raison de s&rsquo;inqui\u00e9ter de l&rsquo;\u00e9volution actuelle du monde, du changement global, mais la raison fait-elle partie de notre mode de fonctionnement collectif ? Les comportements individuels ne prennent en compte que les contraintes r\u00e9elles pour l\u2019individu. S&rsquo;il est n\u00e9cessaire d&rsquo;afficher des comportements collectifs ne r\u00e9sultant pas d&rsquo;une contrainte ext\u00e9rieure, on voit apparaitre des comportements d\u00e9tourn\u00e9s qui en apparence prennent en compte les objectifs raisonnables souhait\u00e9s, mais se r\u00e9duisent \u00e0 des actions palliatives consistant \u00e0 sacrifier une petite partie du superflu, \u00e0 faire une aum\u00f4ne, aum\u00f4ne qui ne compense jamais la pauvret\u00e9.<\/p>\n<p>Si les politiques estiment que l&rsquo;avenir n\u00e9cessite des adaptations de nos conduites, seules les contraintes semblent \u00eatre de nature \u00e0 produire r\u00e9ellement des effets : si le prix des carburants double, la consommation va \u00e9videmment baisser, r\u00e9sultat d&rsquo;une adaptation dans laquelle les moins riches devront trouver d&rsquo;autres moyens de d\u00e9placement. C&rsquo;est ce qui se passe d\u00e8s qu&rsquo;il y a une crise internationale sur le p\u00e9trole. Ce mode de gestion par crise traduit \u00e9videmment une absence de politique pr\u00e9visionnelle car il est clair que les populations ne souhaitent pas subir des \u00e9volutions brutales. Si l&rsquo;on veut \u00e9viter de g\u00e9rer par la contrainte, il faut mettre en place des politiques d&rsquo;incitation mais celles-ci s&rsquo;av\u00e8rent tr\u00e8s couteuses. Finalement, compte tenu de l&rsquo;\u00e9tat des finances publiques, mieux vaut dire que faire. Le discours sur l\u2019adaptation, pilier du d\u00e9veloppement durable, prend finalement une tournure moraliste qui conduit \u00e0 se sentir en tort, utilisant la mauvaise conscience comme principe d\u2019action.<br \/>\nG\u00e9n\u00e9rer des comportements souhaitables sans mettre en place les contraintes ou incitations n\u00e9cessaires rel\u00e8ve d\u2019un mode d\u2019action accept\u00e9 dans le cadre d&rsquo;une croyance (fictionnelle mais int\u00e9gr\u00e9e par l&rsquo;individu) du type religion par exemple : le comportement r\u00e9el int\u00e8gre volontairement des contraintes qui ne sont dict\u00e9es que par des r\u00e8gles subjectives et fictionnelles.<\/p>\n<p>D&rsquo;o\u00f9 l&rsquo;id\u00e9e de d\u00e9velopper un volet sur le respect n\u00e9cessaire de la nature, \u0153uvre de Dieu, que l\u2019\u00c9glise devrait mettre en avant. L\u2019\u00c9glise, qui sut distribuer les indulgences, saura tr\u00e8s bien faire coexister le n\u00e9cessaire d\u00e9veloppement \u00e9conomique avec les privations que devront supporter les fid\u00e8les. Il y a d&rsquo;ailleurs l\u00e0 une convergence souhaitable entre les objectifs politiques et religieux dans la mesure o\u00f9, en Europe particuli\u00e8rement, l\u2019\u00c9glise recule. Son discours doit s&rsquo;adapter aux probl\u00e9matiques actuelles et un look plus vert ne pourrait qu\u2019am\u00e9liorer son image. D\u00e9placer le discours politique actuel d&rsquo;un \u00e9cologisme pseudoscientifique vers un dogme \u00e0 int\u00e9grer serait beaucoup plus efficace. Ainsi la proposition artistique se pr\u00e9sente comme une fiction (une page d&rsquo;un site internet, ou d&rsquo;un journal) pr\u00e9sentant une image qui laisse penser que les pr\u00e9occupations environnementales ont touch\u00e9 le Vatican et un message simple (ne remettant pas en cause l&rsquo;orthodoxie religieuse) dans ce sens, tel que :<\/p>\n<p>LA NATURE EST L\u2019\u0152UVRE DE DIEU. RESPECTONS-LA.<\/p>\n<p>Des cartes postales seront \u00e9dit\u00e9es et distribu\u00e9es lors de performances organis\u00e9es en diff\u00e9rents lieux publics.<\/p>\n","protected":false},"excerpt":{"rendered":"<p>2013 &#8211; Projet internet et performance &#8211; appel \u00e0 projet COAL Th\u00e8me : \u00ab\u00a0L&rsquo;adaptation\u00a0\u00bb Pour les \u00e9cologues, l\u2019adaptation est un processus passif, r\u00e9sultat d\u2019une s\u00e9lection naturelle de certains caract\u00e8res h\u00e9r\u00e9ditaires qui procurent aux individus qui les poss\u00e8dent un avantage sur les autres vis \u00e0 vis d\u2019une pression environnementale, d\u2019une modification de leur habitat. Ce processus [&hellip;]<\/p>\n","protected":false},"author":1,"featured_media":0,"parent":17,"menu_order":0,"comment_status":"closed","ping_status":"closed","template":"onecolumn-page.php","meta":{"ngg_post_thumbnail":0},"_links":{"self":[{"href":"https:\/\/www.artspeculation.net\/index.php?rest_route=\/wp\/v2\/pages\/1135"}],"collection":[{"href":"https:\/\/www.artspeculation.net\/index.php?rest_route=\/wp\/v2\/pages"}],"about":[{"href":"https:\/\/www.artspeculation.net\/index.php?rest_route=\/wp\/v2\/types\/page"}],"author":[{"embeddable":true,"href":"https:\/\/www.artspeculation.net\/index.php?rest_route=\/wp\/v2\/users\/1"}],"replies":[{"embeddable":true,"href":"https:\/\/www.artspeculation.net\/index.php?rest_route=%2Fwp%2Fv2%2Fcomments&post=1135"}],"version-history":[{"count":12,"href":"https:\/\/www.artspeculation.net\/index.php?rest_route=\/wp\/v2\/pages\/1135\/revisions"}],"predecessor-version":[{"id":2514,"href":"https:\/\/www.artspeculation.net\/index.php?rest_route=\/wp\/v2\/pages\/1135\/revisions\/2514"}],"up":[{"embeddable":true,"href":"https:\/\/www.artspeculation.net\/index.php?rest_route=\/wp\/v2\/pages\/17"}],"wp:attachment":[{"href":"https:\/\/www.artspeculation.net\/index.php?rest_route=%2Fwp%2Fv2%2Fmedia&parent=1135"}],"curies":[{"name":"wp","href":"https:\/\/api.w.org\/{rel}","templated":true}]}}