{"id":1095,"date":"2013-01-27T22:36:58","date_gmt":"2013-01-27T22:36:58","guid":{"rendered":"http:\/\/www.artspeculation.net\/?page_id=1095"},"modified":"2022-04-12T08:10:33","modified_gmt":"2022-04-12T08:10:33","slug":"brouillage","status":"publish","type":"page","link":"https:\/\/www.artspeculation.net\/?page_id=1095","title":{"rendered":"Brouillage"},"content":{"rendered":"\n<div class=\"wp-container-1 wp-block-group\"><div class=\"wp-block-group__inner-container\">\n<p>\n\n<div class=\"ngg-galleryoverview ngg-slideshow\"\n\t id=\"ngg-slideshow-69cfa608e5a97203c282666b1731ff61-2850705030\"\n     data-gallery-id=\"69cfa608e5a97203c282666b1731ff61\"\n     style=\"max-width: 800px; max-height: 600px;\">\n\n \t<div id=\"ngg-image-0\" class=\"ngg-gallery-slideshow-image\" style=\"height:600px\">\n\n        <a href=\"https:\/\/www.artspeculation.net\/wp-content\/gallery\/brouillage\/brouillage.jpg\"\n           title=\"\"\n           data-src=\"https:\/\/www.artspeculation.net\/wp-content\/gallery\/brouillage\/brouillage.jpg\"\n           data-thumbnail=\"https:\/\/www.artspeculation.net\/wp-content\/gallery\/brouillage\/thumbs\/thumbs_brouillage.jpg\"\n           data-image-id=\"150\"\n           data-title=\"brouillage\"\n           data-description=\"\"\n           >\n\n            <img data-image-id='150'\n                 title=\"\"\n                 alt=\"brouillage\"\n                 src=\"https:\/\/www.artspeculation.net\/wp-content\/gallery\/brouillage\/brouillage.jpg\"\n                 style=\"max-height: 580px;\"\/>\n        <\/a>\n\n        <\/div> \n<div id=\"ngg-image-1\" class=\"ngg-gallery-slideshow-image\" style=\"height:600px\">\n\n        <a href=\"https:\/\/www.artspeculation.net\/wp-content\/gallery\/brouillage\/brouillagedetail.jpg\"\n           title=\"\"\n           data-src=\"https:\/\/www.artspeculation.net\/wp-content\/gallery\/brouillage\/brouillagedetail.jpg\"\n           data-thumbnail=\"https:\/\/www.artspeculation.net\/wp-content\/gallery\/brouillage\/thumbs\/thumbs_brouillagedetail.jpg\"\n           data-image-id=\"151\"\n           data-title=\"brouillagedetail\"\n           data-description=\"\"\n           >\n\n            <img data-image-id='151'\n                 title=\"\"\n                 alt=\"brouillagedetail\"\n                 src=\"https:\/\/www.artspeculation.net\/wp-content\/gallery\/brouillage\/brouillagedetail.jpg\"\n                 style=\"max-height: 580px;\"\/>\n        <\/a>\n\n        <\/div> \n<\/div>\n\n\n\t\t<!-- Thumbnails Link -->\n\t<div class=\"slideshowlink\" style=\"max-width: 800px;\">\n        <a href='https:\/\/www.artspeculation.net\/index.php\/nggallery\/thumbnails?page_id=1095'><\/a>\n\t<\/div>\n\n<br><strong>Brouillage<\/strong> &nbsp;&nbsp;2012 &#8211; 90x130cm &#8211; puzzles peints, encadrements sous-verre, mur peint.<\/p>\n<p><em>Voici un paysage tel que la soci\u00e9t\u00e9 contemporaine nous conduit \u00e0 le peindre : le langage PC, \u00ab\u00a0picturalement correct\u00a0\u00bb avec des formes d&rsquo;importance \u00e9quivalente, des couleurs primaires, r\u00e9parties de mani\u00e8res al\u00e9atoires masquant toute originalit\u00e9 ou diff\u00e9rence. Ainsi, rien \u00e0 interpr\u00e9ter, rien \u00e0 regarder, pas de forme, pas de nuance. La satisfaction acad\u00e9mique de l&rsquo;insipide.<br>D\u00e9composer, recomposer, que ce soit de mani\u00e8re consciente ou inconsciente, nous ne voyons que ce que nous voulons voir. Nous construisons un monde duquel doit \u00eatre banni le hasard, l&rsquo;inconnu, l&rsquo;a-normal, l&rsquo;angoissant, un monde correct, conforme, ma\u00eetris\u00e9, polic\u00e9, rassurant. Sans vie.<br>Que voyons-nous par la fen\u00eatre ?<br>De quelle c\u00f4t\u00e9 de la fen\u00eatre se trouve-t-on ?<br>\u00ab\u00a0Ce qu&rsquo;ils voient n&rsquo;est pas ce qu&rsquo;ils regardent.\u00a0\u00bb Lacan<\/em><\/p>\n<p>&nbsp;<\/p>\n<p><small>Pour agrandir, cliquez sur l&rsquo;image :<\/small><\/p>\n<p><a class=\"thickbox\" title=\"Brouillage   2012 - 90x130cm - puzzles peints, encadrements sous-verre, mur peint\" href=\"https:\/\/www.artspeculation.net\/wp-content\/gallery\/brouillage\/brouillage.jpg\" rel=\"\"><img class=\"ngg-singlepic ngg-left\" src=\"https:\/\/www.artspeculation.net\/wp-content\/gallery\/brouillage\/thumbs\/thumbs_brouillage.jpg\" alt=\"Brouillage\"><\/a><br><strong>Brouillage<\/strong> &nbsp;&nbsp;2012 &#8211; 90x130cm &#8211; puzzles peints, encadrements sous-verre, mur peint.<\/p>\n<p><a class=\"thickbox\" title=\"Brouillage (d\u00e9tail)   2012 - 90x130cm - puzzles peints, encadrements sous-verre, mur peint.\" href=\"https:\/\/www.artspeculation.net\/wp-content\/gallery\/brouillage\/brouillagedetail.jpg\" rel=\"\"><img class=\"ngg-singlepic ngg-left\" src=\"https:\/\/www.artspeculation.net\/wp-content\/gallery\/brouillage\/thumbs\/thumbs_brouillagedetail.jpg\" alt=\"Brouillage (d\u00e9tail)\"><\/a><br><strong>Brouillage<\/strong> d\u00e9tail &nbsp;&nbsp;2012 &#8211; 90x130cm &#8211; puzzles peints, encadrements sous-verre, mur peint.<\/p>\n<p>&nbsp;<\/p>\n<p>&nbsp;<\/p>\n<p><a href=\"https:\/\/www.artspeculation.net\/?page_id=34\"> Retour portofolio<\/a><\/p>\n<\/div><\/div>\n","protected":false},"excerpt":{"rendered":"<p>Brouillage &nbsp;&nbsp;2012 &#8211; 90x130cm &#8211; puzzles peints, encadrements sous-verre, mur peint. Voici un paysage tel que la soci\u00e9t\u00e9 contemporaine nous conduit \u00e0 le peindre : le langage PC, \u00ab\u00a0picturalement correct\u00a0\u00bb avec des formes d&rsquo;importance \u00e9quivalente, des couleurs primaires, r\u00e9parties de mani\u00e8res al\u00e9atoires masquant toute originalit\u00e9 ou diff\u00e9rence. Ainsi, rien \u00e0 interpr\u00e9ter, rien \u00e0 regarder, pas [&hellip;]<\/p>\n","protected":false},"author":1,"featured_media":0,"parent":1349,"menu_order":0,"comment_status":"closed","ping_status":"closed","template":"onecolumn-page.php","meta":{"ngg_post_thumbnail":0},"_links":{"self":[{"href":"https:\/\/www.artspeculation.net\/index.php?rest_route=\/wp\/v2\/pages\/1095"}],"collection":[{"href":"https:\/\/www.artspeculation.net\/index.php?rest_route=\/wp\/v2\/pages"}],"about":[{"href":"https:\/\/www.artspeculation.net\/index.php?rest_route=\/wp\/v2\/types\/page"}],"author":[{"embeddable":true,"href":"https:\/\/www.artspeculation.net\/index.php?rest_route=\/wp\/v2\/users\/1"}],"replies":[{"embeddable":true,"href":"https:\/\/www.artspeculation.net\/index.php?rest_route=%2Fwp%2Fv2%2Fcomments&post=1095"}],"version-history":[{"count":14,"href":"https:\/\/www.artspeculation.net\/index.php?rest_route=\/wp\/v2\/pages\/1095\/revisions"}],"predecessor-version":[{"id":2554,"href":"https:\/\/www.artspeculation.net\/index.php?rest_route=\/wp\/v2\/pages\/1095\/revisions\/2554"}],"up":[{"embeddable":true,"href":"https:\/\/www.artspeculation.net\/index.php?rest_route=\/wp\/v2\/pages\/1349"}],"wp:attachment":[{"href":"https:\/\/www.artspeculation.net\/index.php?rest_route=%2Fwp%2Fv2%2Fmedia&parent=1095"}],"curies":[{"name":"wp","href":"https:\/\/api.w.org\/{rel}","templated":true}]}}