{"id":104,"date":"2012-02-27T17:16:28","date_gmt":"2012-02-27T17:16:28","guid":{"rendered":"http:\/\/www.artspeculation.net\/?page_id=104"},"modified":"2022-04-12T08:08:50","modified_gmt":"2022-04-12T08:08:50","slug":"carre-rose-2","status":"publish","type":"page","link":"https:\/\/www.artspeculation.net\/?page_id=104","title":{"rendered":"Sans objet"},"content":{"rendered":"\n<div class=\"wp-container-1 wp-block-group\"><div class=\"wp-block-group__inner-container\">\n<p>\n\n<div class=\"ngg-galleryoverview ngg-slideshow\"\n\t id=\"ngg-slideshow-117b6d75093b488e7ab75b65bb6a5014-6953301930\"\n     data-gallery-id=\"117b6d75093b488e7ab75b65bb6a5014\"\n     style=\"max-width: 800px; max-height: 600px;\">\n\n \t<div id=\"ngg-image-0\" class=\"ngg-gallery-slideshow-image\" style=\"height:600px\">\n\n        <a href=\"https:\/\/www.artspeculation.net\/wp-content\/gallery\/sans-objet\/sansobjet0.jpg\"\n           title=\"2011 - 9x 53x53cm - puzzles sur ch\u00e2ssis entoil\u00e9, encadrement de bois, b\u00e9ret, pi\u00e8ces de monnaie.\"\n           data-src=\"https:\/\/www.artspeculation.net\/wp-content\/gallery\/sans-objet\/sansobjet0.jpg\"\n           data-thumbnail=\"https:\/\/www.artspeculation.net\/wp-content\/gallery\/sans-objet\/thumbs\/thumbs_sansobjet0.jpg\"\n           data-image-id=\"51\"\n           data-title=\"Sans objet\"\n           data-description=\"2011 - 9x 53x53cm - puzzles sur ch\u00e2ssis entoil\u00e9, encadrement de bois, b\u00e9ret, pi\u00e8ces de monnaie.\"\n           >\n\n            <img data-image-id='51'\n                 title=\"2011 - 9x 53x53cm - puzzles sur ch\u00e2ssis entoil\u00e9, encadrement de bois, b\u00e9ret, pi\u00e8ces de monnaie.\"\n                 alt=\"Sans objet\"\n                 src=\"https:\/\/www.artspeculation.net\/wp-content\/gallery\/sans-objet\/sansobjet0.jpg\"\n                 style=\"max-height: 580px;\"\/>\n        <\/a>\n\n        <\/div> \n<div id=\"ngg-image-1\" class=\"ngg-gallery-slideshow-image\" style=\"height:600px\">\n\n        <a href=\"https:\/\/www.artspeculation.net\/wp-content\/gallery\/sans-objet\/sansobjetdetail.jpg\"\n           title=\"2011 - 9x 53x53cm - puzzles sur ch\u00e2ssis entoil\u00e9, encadrement de bois, b\u00e9ret, pi\u00e8ces de monnaie.\"\n           data-src=\"https:\/\/www.artspeculation.net\/wp-content\/gallery\/sans-objet\/sansobjetdetail.jpg\"\n           data-thumbnail=\"https:\/\/www.artspeculation.net\/wp-content\/gallery\/sans-objet\/thumbs\/thumbs_sansobjetdetail.jpg\"\n           data-image-id=\"60\"\n           data-title=\"Sans objet - d\u00e9tail\"\n           data-description=\"2011 - 9x 53x53cm - puzzles sur ch\u00e2ssis entoil\u00e9, encadrement de bois, b\u00e9ret, pi\u00e8ces de monnaie.\"\n           >\n\n            <img data-image-id='60'\n                 title=\"2011 - 9x 53x53cm - puzzles sur ch\u00e2ssis entoil\u00e9, encadrement de bois, b\u00e9ret, pi\u00e8ces de monnaie.\"\n                 alt=\"Sans objet - d\u00e9tail\"\n                 src=\"https:\/\/www.artspeculation.net\/wp-content\/gallery\/sans-objet\/sansobjetdetail.jpg\"\n                 style=\"max-height: 580px;\"\/>\n        <\/a>\n\n        <\/div> \n<div id=\"ngg-image-2\" class=\"ngg-gallery-slideshow-image\" style=\"height:600px\">\n\n        <a href=\"https:\/\/www.artspeculation.net\/wp-content\/gallery\/sans-objet\/sansobjet2_0.jpg\"\n           title=\"\"\n           data-src=\"https:\/\/www.artspeculation.net\/wp-content\/gallery\/sans-objet\/sansobjet2_0.jpg\"\n           data-thumbnail=\"https:\/\/www.artspeculation.net\/wp-content\/gallery\/sans-objet\/thumbs\/thumbs_sansobjet2_0.jpg\"\n           data-image-id=\"111\"\n           data-title=\"sansobjet2_0\"\n           data-description=\"\"\n           >\n\n            <img data-image-id='111'\n                 title=\"\"\n                 alt=\"sansobjet2_0\"\n                 src=\"https:\/\/www.artspeculation.net\/wp-content\/gallery\/sans-objet\/sansobjet2_0.jpg\"\n                 style=\"max-height: 580px;\"\/>\n        <\/a>\n\n        <\/div> \n<div id=\"ngg-image-3\" class=\"ngg-gallery-slideshow-image\" style=\"height:600px\">\n\n        <a href=\"https:\/\/www.artspeculation.net\/wp-content\/gallery\/sans-objet\/sansobjetdetail2.jpg\"\n           title=\"2011 - 9x 53x53cm - puzzles sur ch\u00e2ssis entoil\u00e9, encadrement de bois, b\u00e9ret, pi\u00e8ces de monnaie.\"\n           data-src=\"https:\/\/www.artspeculation.net\/wp-content\/gallery\/sans-objet\/sansobjetdetail2.jpg\"\n           data-thumbnail=\"https:\/\/www.artspeculation.net\/wp-content\/gallery\/sans-objet\/thumbs\/thumbs_sansobjetdetail2.jpg\"\n           data-image-id=\"61\"\n           data-title=\"Sans objet - d\u00e9tail b\u00e9ret\"\n           data-description=\"2011 - 9x 53x53cm - puzzles sur ch\u00e2ssis entoil\u00e9, encadrement de bois, b\u00e9ret, pi\u00e8ces de monnaie.\"\n           >\n\n            <img data-image-id='61'\n                 title=\"2011 - 9x 53x53cm - puzzles sur ch\u00e2ssis entoil\u00e9, encadrement de bois, b\u00e9ret, pi\u00e8ces de monnaie.\"\n                 alt=\"Sans objet - d\u00e9tail b\u00e9ret\"\n                 src=\"https:\/\/www.artspeculation.net\/wp-content\/gallery\/sans-objet\/sansobjetdetail2.jpg\"\n                 style=\"max-height: 580px;\"\/>\n        <\/a>\n\n        <\/div> \n<div id=\"ngg-image-4\" class=\"ngg-gallery-slideshow-image\" style=\"height:600px\">\n\n        <a href=\"https:\/\/www.artspeculation.net\/wp-content\/gallery\/sans-objet\/sansobjet1.jpg\"\n           title=\"2011 - 53x53cm - puzzles sur ch\u00e2ssis entoil\u00e9, encadrement de bois, b\u00e9ret, pi\u00e8ces de monnaie.\"\n           data-src=\"https:\/\/www.artspeculation.net\/wp-content\/gallery\/sans-objet\/sansobjet1.jpg\"\n           data-thumbnail=\"https:\/\/www.artspeculation.net\/wp-content\/gallery\/sans-objet\/thumbs\/thumbs_sansobjet1.jpg\"\n           data-image-id=\"52\"\n           data-title=\"Sans objet 1\/9\"\n           data-description=\"2011 - 53x53cm - puzzles sur ch\u00e2ssis entoil\u00e9, encadrement de bois, b\u00e9ret, pi\u00e8ces de monnaie.\"\n           >\n\n            <img data-image-id='52'\n                 title=\"2011 - 53x53cm - puzzles sur ch\u00e2ssis entoil\u00e9, encadrement de bois, b\u00e9ret, pi\u00e8ces de monnaie.\"\n                 alt=\"Sans objet 1\/9\"\n                 src=\"https:\/\/www.artspeculation.net\/wp-content\/gallery\/sans-objet\/sansobjet1.jpg\"\n                 style=\"max-height: 580px;\"\/>\n        <\/a>\n\n        <\/div> \n<div id=\"ngg-image-5\" class=\"ngg-gallery-slideshow-image\" style=\"height:600px\">\n\n        <a href=\"https:\/\/www.artspeculation.net\/wp-content\/gallery\/sans-objet\/sansobjet2.jpg\"\n           title=\"2011 - 53x53cm - puzzles sur ch\u00e2ssis entoil\u00e9, encadrement de bois, b\u00e9ret, pi\u00e8ces de monnaie.\"\n           data-src=\"https:\/\/www.artspeculation.net\/wp-content\/gallery\/sans-objet\/sansobjet2.jpg\"\n           data-thumbnail=\"https:\/\/www.artspeculation.net\/wp-content\/gallery\/sans-objet\/thumbs\/thumbs_sansobjet2.jpg\"\n           data-image-id=\"53\"\n           data-title=\"Sans objet 2\/9\"\n           data-description=\"2011 - 53x53cm - puzzles sur ch\u00e2ssis entoil\u00e9, encadrement de bois, b\u00e9ret, pi\u00e8ces de monnaie.\"\n           >\n\n            <img data-image-id='53'\n                 title=\"2011 - 53x53cm - puzzles sur ch\u00e2ssis entoil\u00e9, encadrement de bois, b\u00e9ret, pi\u00e8ces de monnaie.\"\n                 alt=\"Sans objet 2\/9\"\n                 src=\"https:\/\/www.artspeculation.net\/wp-content\/gallery\/sans-objet\/sansobjet2.jpg\"\n                 style=\"max-height: 580px;\"\/>\n        <\/a>\n\n        <\/div> \n<div id=\"ngg-image-6\" class=\"ngg-gallery-slideshow-image\" style=\"height:600px\">\n\n        <a href=\"https:\/\/www.artspeculation.net\/wp-content\/gallery\/sans-objet\/sansobjet3.jpg\"\n           title=\"2011 - 53x53cm - puzzles sur ch\u00e2ssis entoil\u00e9, encadrement de bois, b\u00e9ret, pi\u00e8ces de monnaie.\"\n           data-src=\"https:\/\/www.artspeculation.net\/wp-content\/gallery\/sans-objet\/sansobjet3.jpg\"\n           data-thumbnail=\"https:\/\/www.artspeculation.net\/wp-content\/gallery\/sans-objet\/thumbs\/thumbs_sansobjet3.jpg\"\n           data-image-id=\"54\"\n           data-title=\"Sans objet 3\/9\"\n           data-description=\"2011 - 53x53cm - puzzles sur ch\u00e2ssis entoil\u00e9, encadrement de bois, b\u00e9ret, pi\u00e8ces de monnaie.\"\n           >\n\n            <img data-image-id='54'\n                 title=\"2011 - 53x53cm - puzzles sur ch\u00e2ssis entoil\u00e9, encadrement de bois, b\u00e9ret, pi\u00e8ces de monnaie.\"\n                 alt=\"Sans objet 3\/9\"\n                 src=\"https:\/\/www.artspeculation.net\/wp-content\/gallery\/sans-objet\/sansobjet3.jpg\"\n                 style=\"max-height: 580px;\"\/>\n        <\/a>\n\n        <\/div> \n<div id=\"ngg-image-7\" class=\"ngg-gallery-slideshow-image\" style=\"height:600px\">\n\n        <a href=\"https:\/\/www.artspeculation.net\/wp-content\/gallery\/sans-objet\/sansobjet4.jpg\"\n           title=\"2011 - 53x53cm - puzzles sur ch\u00e2ssis entoil\u00e9, encadrement de bois, b\u00e9ret, pi\u00e8ces de monnaie.\"\n           data-src=\"https:\/\/www.artspeculation.net\/wp-content\/gallery\/sans-objet\/sansobjet4.jpg\"\n           data-thumbnail=\"https:\/\/www.artspeculation.net\/wp-content\/gallery\/sans-objet\/thumbs\/thumbs_sansobjet4.jpg\"\n           data-image-id=\"55\"\n           data-title=\"Sans objet 4\/9\"\n           data-description=\"2011 - 53x53cm - puzzles sur ch\u00e2ssis entoil\u00e9, encadrement de bois, b\u00e9ret, pi\u00e8ces de monnaie.\"\n           >\n\n            <img data-image-id='55'\n                 title=\"2011 - 53x53cm - puzzles sur ch\u00e2ssis entoil\u00e9, encadrement de bois, b\u00e9ret, pi\u00e8ces de monnaie.\"\n                 alt=\"Sans objet 4\/9\"\n                 src=\"https:\/\/www.artspeculation.net\/wp-content\/gallery\/sans-objet\/sansobjet4.jpg\"\n                 style=\"max-height: 580px;\"\/>\n        <\/a>\n\n        <\/div> \n<div id=\"ngg-image-8\" class=\"ngg-gallery-slideshow-image\" style=\"height:600px\">\n\n        <a href=\"https:\/\/www.artspeculation.net\/wp-content\/gallery\/sans-objet\/sansobjet5.jpg\"\n           title=\"2011 - 53x53cm - puzzles sur ch\u00e2ssis entoil\u00e9, encadrement de bois, b\u00e9ret, pi\u00e8ces de monnaie.\"\n           data-src=\"https:\/\/www.artspeculation.net\/wp-content\/gallery\/sans-objet\/sansobjet5.jpg\"\n           data-thumbnail=\"https:\/\/www.artspeculation.net\/wp-content\/gallery\/sans-objet\/thumbs\/thumbs_sansobjet5.jpg\"\n           data-image-id=\"56\"\n           data-title=\"Sans objet 5\/9\"\n           data-description=\"2011 - 53x53cm - puzzles sur ch\u00e2ssis entoil\u00e9, encadrement de bois, b\u00e9ret, pi\u00e8ces de monnaie.\"\n           >\n\n            <img data-image-id='56'\n                 title=\"2011 - 53x53cm - puzzles sur ch\u00e2ssis entoil\u00e9, encadrement de bois, b\u00e9ret, pi\u00e8ces de monnaie.\"\n                 alt=\"Sans objet 5\/9\"\n                 src=\"https:\/\/www.artspeculation.net\/wp-content\/gallery\/sans-objet\/sansobjet5.jpg\"\n                 style=\"max-height: 580px;\"\/>\n        <\/a>\n\n        <\/div> \n<div id=\"ngg-image-9\" class=\"ngg-gallery-slideshow-image\" style=\"height:600px\">\n\n        <a href=\"https:\/\/www.artspeculation.net\/wp-content\/gallery\/sans-objet\/sansobjet6.jpg\"\n           title=\"2011 - 53x53cm - puzzles sur ch\u00e2ssis entoil\u00e9, encadrement de bois, b\u00e9ret, pi\u00e8ces de monnaie.\"\n           data-src=\"https:\/\/www.artspeculation.net\/wp-content\/gallery\/sans-objet\/sansobjet6.jpg\"\n           data-thumbnail=\"https:\/\/www.artspeculation.net\/wp-content\/gallery\/sans-objet\/thumbs\/thumbs_sansobjet6.jpg\"\n           data-image-id=\"57\"\n           data-title=\"Sans objet 6\/9\"\n           data-description=\"2011 - 53x53cm - puzzles sur ch\u00e2ssis entoil\u00e9, encadrement de bois, b\u00e9ret, pi\u00e8ces de monnaie.\"\n           >\n\n            <img data-image-id='57'\n                 title=\"2011 - 53x53cm - puzzles sur ch\u00e2ssis entoil\u00e9, encadrement de bois, b\u00e9ret, pi\u00e8ces de monnaie.\"\n                 alt=\"Sans objet 6\/9\"\n                 src=\"https:\/\/www.artspeculation.net\/wp-content\/gallery\/sans-objet\/sansobjet6.jpg\"\n                 style=\"max-height: 580px;\"\/>\n        <\/a>\n\n        <\/div> \n<div id=\"ngg-image-10\" class=\"ngg-gallery-slideshow-image\" style=\"height:600px\">\n\n        <a href=\"https:\/\/www.artspeculation.net\/wp-content\/gallery\/sans-objet\/sansobjet7.jpg\"\n           title=\"2011 - 53x53cm - puzzles sur ch\u00e2ssis entoil\u00e9, encadrement de bois, b\u00e9ret, pi\u00e8ces de monnaie.\"\n           data-src=\"https:\/\/www.artspeculation.net\/wp-content\/gallery\/sans-objet\/sansobjet7.jpg\"\n           data-thumbnail=\"https:\/\/www.artspeculation.net\/wp-content\/gallery\/sans-objet\/thumbs\/thumbs_sansobjet7.jpg\"\n           data-image-id=\"58\"\n           data-title=\"Sans objet 7\/9\"\n           data-description=\"2011 - 53x53cm - puzzles sur ch\u00e2ssis entoil\u00e9, encadrement de bois, b\u00e9ret, pi\u00e8ces de monnaie.\"\n           >\n\n            <img data-image-id='58'\n                 title=\"2011 - 53x53cm - puzzles sur ch\u00e2ssis entoil\u00e9, encadrement de bois, b\u00e9ret, pi\u00e8ces de monnaie.\"\n                 alt=\"Sans objet 7\/9\"\n                 src=\"https:\/\/www.artspeculation.net\/wp-content\/gallery\/sans-objet\/sansobjet7.jpg\"\n                 style=\"max-height: 580px;\"\/>\n        <\/a>\n\n        <\/div> \n<div id=\"ngg-image-11\" class=\"ngg-gallery-slideshow-image\" style=\"height:600px\">\n\n        <a href=\"https:\/\/www.artspeculation.net\/wp-content\/gallery\/sans-objet\/sansobjet8.jpg\"\n           title=\"2011 - 53x53cm - puzzles sur ch\u00e2ssis entoil\u00e9, encadrement de bois, b\u00e9ret, pi\u00e8ces de monnaie.\"\n           data-src=\"https:\/\/www.artspeculation.net\/wp-content\/gallery\/sans-objet\/sansobjet8.jpg\"\n           data-thumbnail=\"https:\/\/www.artspeculation.net\/wp-content\/gallery\/sans-objet\/thumbs\/thumbs_sansobjet8.jpg\"\n           data-image-id=\"62\"\n           data-title=\"Sans objet 8\/9\"\n           data-description=\"2011 - 53x53cm - puzzles sur ch\u00e2ssis entoil\u00e9, encadrement de bois, b\u00e9ret, pi\u00e8ces de monnaie.\"\n           >\n\n            <img data-image-id='62'\n                 title=\"2011 - 53x53cm - puzzles sur ch\u00e2ssis entoil\u00e9, encadrement de bois, b\u00e9ret, pi\u00e8ces de monnaie.\"\n                 alt=\"Sans objet 8\/9\"\n                 src=\"https:\/\/www.artspeculation.net\/wp-content\/gallery\/sans-objet\/sansobjet8.jpg\"\n                 style=\"max-height: 580px;\"\/>\n        <\/a>\n\n        <\/div> \n<div id=\"ngg-image-12\" class=\"ngg-gallery-slideshow-image\" style=\"height:600px\">\n\n        <a href=\"https:\/\/www.artspeculation.net\/wp-content\/gallery\/sans-objet\/sansobjet9.jpg\"\n           title=\"2011 - 53x53cm - puzzles sur ch\u00e2ssis entoil\u00e9, encadrement de bois, b\u00e9ret, pi\u00e8ces de monnaie.\"\n           data-src=\"https:\/\/www.artspeculation.net\/wp-content\/gallery\/sans-objet\/sansobjet9.jpg\"\n           data-thumbnail=\"https:\/\/www.artspeculation.net\/wp-content\/gallery\/sans-objet\/thumbs\/thumbs_sansobjet9.jpg\"\n           data-image-id=\"59\"\n           data-title=\"Sans objet 9\/9\"\n           data-description=\"2011 - 53x53cm - puzzles sur ch\u00e2ssis entoil\u00e9, encadrement de bois, b\u00e9ret, pi\u00e8ces de monnaie.\"\n           >\n\n            <img data-image-id='59'\n                 title=\"2011 - 53x53cm - puzzles sur ch\u00e2ssis entoil\u00e9, encadrement de bois, b\u00e9ret, pi\u00e8ces de monnaie.\"\n                 alt=\"Sans objet 9\/9\"\n                 src=\"https:\/\/www.artspeculation.net\/wp-content\/gallery\/sans-objet\/sansobjet9.jpg\"\n                 style=\"max-height: 580px;\"\/>\n        <\/a>\n\n        <\/div> \n<\/div>\n\n\n\t\t<!-- Thumbnails Link -->\n\t<div class=\"slideshowlink\" style=\"max-width: 800px;\">\n        <a href='https:\/\/www.artspeculation.net\/index.php\/nggallery\/thumbnails?page_id=104'><\/a>\n\t<\/div>\n\n<br><strong>Sans objet<\/strong> &nbsp;&nbsp;2011 &#8211; 9 pi\u00e8ces, 160&#215;160 cm &#8211; puzzles sur ch\u00e2ssis entoil\u00e9, encadrement de bois, b\u00e9ret, pi\u00e8ces de monnaie.<\/p>\n<p><em>Un tas de petits morceaux de carton qui se ressemblent mais sont tous diff\u00e9rents. Pourtant, il est possible en principe de les organiser de mani\u00e8re \u00e0 ce que cela ait un sens. Une seule image devrait \u00eatre finalement r\u00e9alisable. Du d\u00e9sordre, l\u2019ordre sous-jacent r\u00e9appara\u00eet. \u00ab artspeculation \u00bb propose d\u2019autres solutions, remettant en cause l\u2019unicit\u00e9 de l\u2019ordre et du signifi\u00e9. Des puzzles parfaitement r\u00e9alis\u00e9s, le tout se pr\u00e9sentant comme un syst\u00e8me bien organis\u00e9, mais ne r\u00e9v\u00e9lant aucun sens apparent. Sans objet.<br>En y regardant de pr\u00e8s, une pi\u00e8ce est manquante. A la place de cette pi\u00e8ce, une interpellation \u00e0 peine visible : \u00ab J\u2019ai faim ! \u00bb Sensation de g\u00eane ou absence d\u2019int\u00e9r\u00eat ? Le visiteur passe au suivant.<\/em><\/p>\n<p>&nbsp;<\/p>\n<p><small>Pour agrandir, cliquez sur l&rsquo;image :<\/small><\/p>\n<p><a class=\"thickbox\" title=\"Sans objet   2011 - 9 pi\u00e8ces, 160x160 cm - puzzles sur ch\u00e2ssis entoil\u00e9, encadrement de bois.\" href=\"https:\/\/www.artspeculation.net\/wp-content\/gallery\/sans-objet\/sansobjet0.jpg\" rel=\"\"><img class=\"ngg-singlepic ngg-left\" src=\"https:\/\/www.artspeculation.net\/wp-content\/gallery\/sans-objet\/thumbs\/thumbs_sansobjet0.jpg\" alt=\"Sans objet\"><\/a><br><strong>Sans objet<\/strong> &nbsp;&nbsp;2011 &#8211; 9 pi\u00e8ces, 160&#215;160 cm &#8211; puzzles sur ch\u00e2ssis entoil\u00e9, encadrement de bois.<\/p>\n<p><a class=\"thickbox\" title=\"Sans-objet 1\/9   2011 - 53x53cm - puzzle sur ch\u00e2ssis entoil\u00e9, encadrement de bois.\" href=\"https:\/\/www.artspeculation.net\/wp-content\/gallery\/sans-objet\/sansobjet1.jpg\" rel=\"\"><img class=\"ngg-singlepic ngg-left\" src=\"https:\/\/www.artspeculation.net\/wp-content\/gallery\/sans-objet\/thumbs\/thumbs_sansobjet1.jpg\" alt=\"Sans objet 1\"><\/a><br><strong>Sans objet 1\/9<\/strong> &nbsp;&nbsp;2011 &#8211; 53x53cm &#8211; puzzle sur ch\u00e2ssis entoil\u00e9, encadrement de bois.<\/p>\n<p><a class=\"thickbox\" title=\"Sans objet 2\/9   2011 - 53x53cm - puzzle sur ch\u00e2ssis entoil\u00e9, encadrement de bois.\" href=\"https:\/\/www.artspeculation.net\/wp-content\/gallery\/sans-objet\/sansobjet2.jpg\" rel=\"\"><img class=\"ngg-singlepic ngg-left\" src=\"https:\/\/www.artspeculation.net\/wp-content\/gallery\/sans-objet\/thumbs\/thumbs_sansobjet2.jpg\" alt=\"Sans objet 2\"><\/a><br><strong>Sans objet 2\/9<\/strong> &nbsp;&nbsp;2011 &#8211; 53x53cm &#8211; puzzle sur ch\u00e2ssis entoil\u00e9, encadrement de bois.<\/p>\n<p><a class=\"thickbox\" title=\"Sans objet 3\/9   2011 - 53x53cm - puzzle sur ch\u00e2ssis entoil\u00e9, encadrement de bois.\" href=\"https:\/\/www.artspeculation.net\/wp-content\/gallery\/sans-objet\/sansobjet3.jpg\" rel=\"\"><img class=\"ngg-singlepic ngg-left\" src=\"https:\/\/www.artspeculation.net\/wp-content\/gallery\/sans-objet\/thumbs\/thumbs_sansobjet3.jpg\" alt=\"Sans objet 3\/9\"><\/a><br><strong>Sans objet 3\/9<\/strong> &nbsp;&nbsp;2011 &#8211; 53x53cm &#8211; puzzle sur ch\u00e2ssis entoil\u00e9, encadrement de bois.<\/p>\n<p><a class=\"thickbox\" title=\"Sans objet 4\/9   2011 - 53x53cm - puzzle sur ch\u00e2ssis entoil\u00e9, encadrement de bois.\" href=\"https:\/\/www.artspeculation.net\/wp-content\/gallery\/sans-objet\/sansobjet4.jpg\" rel=\"\"><img class=\"ngg-singlepic ngg-left\" src=\"https:\/\/www.artspeculation.net\/wp-content\/gallery\/sans-objet\/thumbs\/thumbs_sansobjet4.jpg\" alt=\"Sans objet 4\/9\"><\/a><br><strong>Sans objet 4\/9<\/strong> &nbsp;&nbsp;2011 &#8211; 53x53cm &#8211; puzzle sur ch\u00e2ssis entoil\u00e9, encadrement de bois.<\/p>\n<p><a class=\"thickbox\" title=\"Sans objet 5\/9   2011 - 53x53cm - puzzle sur ch\u00e2ssis entoil\u00e9, encadrement de bois.\" href=\"https:\/\/www.artspeculation.net\/wp-content\/gallery\/sans-objet\/sansobjet5.jpg\" rel=\"\"><img class=\"ngg-singlepic ngg-left\" src=\"https:\/\/www.artspeculation.net\/wp-content\/gallery\/sans-objet\/thumbs\/thumbs_sansobjet5.jpg\" alt=\"Sans objet 5\/9\"><\/a><br><strong>Sans objet 5\/9<\/strong> &nbsp;&nbsp;2011 &#8211; 53x53cm &#8211; puzzle sur ch\u00e2ssis entoil\u00e9, encadrement de bois.<\/p>\n<p><a class=\"thickbox\" title=\"Sans objet 6\/9   2011 - 53x53cm - puzzle sur ch\u00e2ssis entoil\u00e9, encadrement de bois.\" href=\"https:\/\/www.artspeculation.net\/wp-content\/gallery\/sans-objet\/sansobjet6.jpg\" rel=\"\"><img class=\"ngg-singlepic ngg-left\" src=\"https:\/\/www.artspeculation.net\/wp-content\/gallery\/sans-objet\/thumbs\/thumbs_sansobjet6.jpg\" alt=\"Sans objet 6\/9\"><\/a><br><strong>Sans objet 6\/9<\/strong> &nbsp;&nbsp;2011 &#8211; 53x53cm &#8211; puzzle sur ch\u00e2ssis entoil\u00e9, encadrement de bois.<\/p>\n<p><a class=\"thickbox\" title=\"Sans objet 7\/9   2011 - 53x53cm - puzzle sur ch\u00e2ssis entoil\u00e9, encadrement de bois.\" href=\"https:\/\/www.artspeculation.net\/wp-content\/gallery\/sans-objet\/sansobjet7.jpg\" rel=\"\"><img class=\"ngg-singlepic ngg-left\" src=\"https:\/\/www.artspeculation.net\/wp-content\/gallery\/sans-objet\/thumbs\/thumbs_sansobjet7.jpg\" alt=\"Sans objet 7\/9\"><\/a><br><strong>Sans objet 7\/9<\/strong> &nbsp;&nbsp;2011 &#8211; 53x53cm &#8211; puzzle sur ch\u00e2ssis entoil\u00e9, encadrement de bois.<\/p>\n<p><a class=\"thickbox\" title=\"Sans objet 8\/9   2011 - 53x53cm - puzzle sur ch\u00e2ssis entoil\u00e9, encadrement de bois.\" href=\"https:\/\/www.artspeculation.net\/wp-content\/gallery\/sans-objet\/sansobjet8.jpg\" rel=\"\"><img class=\"ngg-singlepic ngg-left\" src=\"https:\/\/www.artspeculation.net\/wp-content\/gallery\/sans-objet\/thumbs\/thumbs_sansobjet8.jpg\" alt=\"Sans objet 8\/9\"><\/a><br><strong>Sans objet 8\/9<\/strong> &nbsp;&nbsp;2011 &#8211; 53x53cm &#8211; puzzle sur ch\u00e2ssis entoil\u00e9, encadrement de bois.<\/p>\n<p><a class=\"thickbox\" title=\"Sans objet 9\/9   2011 - 53x53cm - puzzle sur ch\u00e2ssis entoil\u00e9, encadrement de bois.\" href=\"https:\/\/www.artspeculation.net\/wp-content\/gallery\/sans-objet\/sansobjet9.jpg\" rel=\"\"><img class=\"ngg-singlepic ngg-left\" src=\"https:\/\/www.artspeculation.net\/wp-content\/gallery\/sans-objet\/thumbs\/thumbs_sansobjet9.jpg\" alt=\"Sans objet 9\/9\"><\/a><br><strong>Sans objet 9\/9<\/strong> &nbsp;&nbsp;2011 &#8211; 53x53cm &#8211; puzzle sur ch\u00e2ssis entoil\u00e9, encadrement de bois.<\/p>\n<p><a class=\"thickbox\" title=\"Sans objet 5\/9 (d\u00e9tail) 2011 - 53x53cm - puzzle sur ch\u00e2ssis entoil\u00e9, encadrement de bois.\" href=\"https:\/\/www.artspeculation.net\/wp-content\/gallery\/sans-objet\/sansobjetdetail.jpg\" rel=\"\"><img class=\"ngg-singlepic ngg-left\" src=\"https:\/\/www.artspeculation.net\/wp-content\/gallery\/sans-objet\/thumbs\/thumbs_sansobjetdetail.jpg\" alt=\"Sans objet 5\/9 d\u00e9tail\"><br><\/a><strong>Sans objet 5\/9<\/strong> d\u00e9tail &nbsp;&nbsp;2011 &#8211; 53x53cm &#8211; puzzle sur ch\u00e2ssis entoil\u00e9, encadrement de bois.<\/p>\n<p><a class=\"thickbox\" title=\"Sans objet (vue d'ensemble)   2011 - 9 pi\u00e8ces, 160x160 cm - puzzles sur ch\u00e2ssis entoil\u00e9, encadrement de bois, b\u00e9ret, pi\u00e8ces de monnaie.\" href=\"https:\/\/www.artspeculation.net\/wp-content\/gallery\/sans-objet\/sansobjet2_0.jpg\" rel=\"\"><img class=\"ngg-singlepic ngg-left\" src=\"https:\/\/www.artspeculation.net\/wp-content\/gallery\/sans-objet\/thumbs\/thumbs_sansobjet2_0.jpg\" alt=\"Sans objet (vue d'ensemble)\"><br><\/a><strong>Sans objet<\/strong> vue d&rsquo;ensemble &nbsp;&nbsp;2011 &#8211; 9 pi\u00e8ces, 160&#215;160 cm &#8211; puzzles sur ch\u00e2ssis entoil\u00e9, encadrement de bois, b\u00e9ret, pi\u00e8ces de monnaie.<\/p>\n<p><a class=\"thickbox\" title=\"Sans objet (d\u00e9tail)   2011 - 53x53cm - puzzle sur ch\u00e2ssis entoil\u00e9, encadrement de bois.\" href=\"https:\/\/www.artspeculation.net\/wp-content\/gallery\/sans-objet\/sansobjetdetail2.jpg\" rel=\"\"><img class=\"ngg-singlepic ngg-left\" src=\"https:\/\/www.artspeculation.net\/wp-content\/gallery\/sans-objet\/thumbs\/thumbs_sansobjetdetail2.jpg\" alt=\"Sans objet (d\u00e9tail) - B\u00e9ret et pi\u00e8ces de monnaie.\"><br><\/a><strong>Sans objet<\/strong> d\u00e9tail &nbsp;&nbsp;2011 &#8211; B\u00e9ret et pi\u00e8ces de monnaie.<\/p>\n<p>&nbsp;<\/p>\n<p>&nbsp;<\/p>\n<p><a href=\"https:\/\/www.artspeculation.net\/?page_id=34\"> Retour portofolio<\/a><\/p>\n<\/div><\/div>\n","protected":false},"excerpt":{"rendered":"<p>Sans objet &nbsp;&nbsp;2011 &#8211; 9 pi\u00e8ces, 160&#215;160 cm &#8211; puzzles sur ch\u00e2ssis entoil\u00e9, encadrement de bois, b\u00e9ret, pi\u00e8ces de monnaie. Un tas de petits morceaux de carton qui se ressemblent mais sont tous diff\u00e9rents. Pourtant, il est possible en principe de les organiser de mani\u00e8re \u00e0 ce que cela ait un sens. Une seule image [&hellip;]<\/p>\n","protected":false},"author":1,"featured_media":0,"parent":1339,"menu_order":0,"comment_status":"closed","ping_status":"closed","template":"onecolumn-page.php","meta":{"ngg_post_thumbnail":0},"_links":{"self":[{"href":"https:\/\/www.artspeculation.net\/index.php?rest_route=\/wp\/v2\/pages\/104"}],"collection":[{"href":"https:\/\/www.artspeculation.net\/index.php?rest_route=\/wp\/v2\/pages"}],"about":[{"href":"https:\/\/www.artspeculation.net\/index.php?rest_route=\/wp\/v2\/types\/page"}],"author":[{"embeddable":true,"href":"https:\/\/www.artspeculation.net\/index.php?rest_route=\/wp\/v2\/users\/1"}],"replies":[{"embeddable":true,"href":"https:\/\/www.artspeculation.net\/index.php?rest_route=%2Fwp%2Fv2%2Fcomments&post=104"}],"version-history":[{"count":39,"href":"https:\/\/www.artspeculation.net\/index.php?rest_route=\/wp\/v2\/pages\/104\/revisions"}],"predecessor-version":[{"id":2550,"href":"https:\/\/www.artspeculation.net\/index.php?rest_route=\/wp\/v2\/pages\/104\/revisions\/2550"}],"up":[{"embeddable":true,"href":"https:\/\/www.artspeculation.net\/index.php?rest_route=\/wp\/v2\/pages\/1339"}],"wp:attachment":[{"href":"https:\/\/www.artspeculation.net\/index.php?rest_route=%2Fwp%2Fv2%2Fmedia&parent=104"}],"curies":[{"name":"wp","href":"https:\/\/api.w.org\/{rel}","templated":true}]}}