{"id":1026,"date":"2012-10-02T15:11:46","date_gmt":"2012-10-02T15:11:46","guid":{"rendered":"http:\/\/www.artspeculation.net\/?page_id=1026"},"modified":"2022-04-12T22:30:34","modified_gmt":"2022-04-12T22:30:34","slug":"motif-floral","status":"publish","type":"page","link":"https:\/\/www.artspeculation.net\/?page_id=1026","title":{"rendered":"Impression motif floral"},"content":{"rendered":"\n<div class=\"wp-block-columns\">\n<div class=\"wp-block-column\" style=\"flex-basis:100%\">\n<p>\n\n<div class=\"ngg-galleryoverview ngg-slideshow\"\n\t id=\"ngg-slideshow-7bf08fad650e9a90f9a77534876d878b-19650152240\"\n     data-gallery-id=\"7bf08fad650e9a90f9a77534876d878b\"\n     style=\"max-width: 800px; max-height: 600px;\">\n\n \t<div id=\"ngg-image-0\" class=\"ngg-gallery-slideshow-image\" style=\"height:600px\">\n\n        <a href=\"https:\/\/www.artspeculation.net\/wp-content\/gallery\/motif-floral\/motiffloral.jpg\"\n           title=\"\"\n           data-src=\"https:\/\/www.artspeculation.net\/wp-content\/gallery\/motif-floral\/motiffloral.jpg\"\n           data-thumbnail=\"https:\/\/www.artspeculation.net\/wp-content\/gallery\/motif-floral\/thumbs\/thumbs_motiffloral.jpg\"\n           data-image-id=\"146\"\n           data-title=\"motiffloral\"\n           data-description=\"\"\n           >\n\n            <img data-image-id='146'\n                 title=\"\"\n                 alt=\"motiffloral\"\n                 src=\"https:\/\/www.artspeculation.net\/wp-content\/gallery\/motif-floral\/motiffloral.jpg\"\n                 style=\"max-height: 580px;\"\/>\n        <\/a>\n\n        <\/div> \n<div id=\"ngg-image-1\" class=\"ngg-gallery-slideshow-image\" style=\"height:600px\">\n\n        <a href=\"https:\/\/www.artspeculation.net\/wp-content\/gallery\/motif-floral\/motiffloraldetail.jpg\"\n           title=\"\"\n           data-src=\"https:\/\/www.artspeculation.net\/wp-content\/gallery\/motif-floral\/motiffloraldetail.jpg\"\n           data-thumbnail=\"https:\/\/www.artspeculation.net\/wp-content\/gallery\/motif-floral\/thumbs\/thumbs_motiffloraldetail.jpg\"\n           data-image-id=\"147\"\n           data-title=\"motiffloraldetail\"\n           data-description=\"\"\n           >\n\n            <img data-image-id='147'\n                 title=\"\"\n                 alt=\"motiffloraldetail\"\n                 src=\"https:\/\/www.artspeculation.net\/wp-content\/gallery\/motif-floral\/motiffloraldetail.jpg\"\n                 style=\"max-height: 580px;\"\/>\n        <\/a>\n\n        <\/div> \n<\/div>\n\n\n\t\t<!-- Thumbnails Link -->\n\t<div class=\"slideshowlink\" style=\"max-width: 800px;\">\n        <a href='https:\/\/www.artspeculation.net\/index.php\/nggallery\/thumbnails?page_id=1026'><\/a>\n\t<\/div>\n\n<br><strong>Impression motif floral<\/strong> &nbsp;&nbsp;2012 &#8211; 160x160cm &#8211; peinture acrylique sur toile, toile plastique.<br><br><em>Grand carr\u00e9 form\u00e9 d\u2019un assemblage de quatre panneaux peints recouverts par une m\u00eame toile plastique transparente imprim\u00e9e d\u2019un ensemble de motifs floraux blancs r\u00e9p\u00e9t\u00e9s suivant une grille g\u00e9om\u00e9trique r\u00e9guli\u00e8re. D\u00e9coration id\u00e9ale pour lieux publics (salle d\u2019attente, hall d\u2019immeuble, salles de r\u00e9union \u2026).<\/em><br><br><br><small>Pour agrandir, cliquez sur l&rsquo;image :<\/small><br><br><a class=\"thickbox\" title=\"Motif floral   2012 - 160x160cm - peinture acrylique sur toile, toile plastique.\" href=\"https:\/\/www.artspeculation.net\/wp-content\/gallery\/motif-floral\/motiffloral.jpg\" rel=\"\"><img class=\"ngg-singlepic ngg-left\" src=\"https:\/\/www.artspeculation.net\/wp-content\/gallery\/motif-floral\/thumbs\/thumbs_motiffloral.jpg\" alt=\"Motif floral\"><\/a><strong>Impression motif floral<\/strong> &nbsp;&nbsp;2012 &#8211; 160x160cm &#8211; peinture acrylique sur toile, toile plastique.<br><br><br><a class=\"thickbox\" title=\"Motif floral (d\u00e9tail)   2012 - 160x160cm - peinture acrylique sur toile, toile plastique.\" href=\"https:\/\/www.artspeculation.net\/wp-content\/gallery\/motif-floral\/motiffloraldetail.jpg\" rel=\"\"><img class=\"ngg-singlepic ngg-left\" src=\"https:\/\/www.artspeculation.net\/wp-content\/gallery\/motif-floral\/thumbs\/thumbs_motiffloraldetail.jpg\" alt=\"Motif floral d\u00e9tail\"><\/a><strong>Impression motif floral<\/strong> &nbsp;&nbsp;2012 &#8211; 160x160cm &#8211; peinture acrylique sur toile, toile plastique.<br><br><br><br><br><\/p>\n<p><a href=\"https:\/\/www.artspeculation.net\/?page_id=34\"> Retour portofolio<\/a><\/p>\n<\/div>\n<\/div>\n","protected":false},"excerpt":{"rendered":"<p>Impression motif floral &nbsp;&nbsp;2012 &#8211; 160x160cm &#8211; peinture acrylique sur toile, toile plastique. Grand carr\u00e9 form\u00e9 d\u2019un assemblage de quatre panneaux peints recouverts par une m\u00eame toile plastique transparente imprim\u00e9e d\u2019un ensemble de motifs floraux blancs r\u00e9p\u00e9t\u00e9s suivant une grille g\u00e9om\u00e9trique r\u00e9guli\u00e8re. D\u00e9coration id\u00e9ale pour lieux publics (salle d\u2019attente, hall d\u2019immeuble, salles de r\u00e9union \u2026). [&hellip;]<\/p>\n","protected":false},"author":1,"featured_media":0,"parent":1349,"menu_order":0,"comment_status":"closed","ping_status":"closed","template":"onecolumn-page.php","meta":{"ngg_post_thumbnail":0},"_links":{"self":[{"href":"https:\/\/www.artspeculation.net\/index.php?rest_route=\/wp\/v2\/pages\/1026"}],"collection":[{"href":"https:\/\/www.artspeculation.net\/index.php?rest_route=\/wp\/v2\/pages"}],"about":[{"href":"https:\/\/www.artspeculation.net\/index.php?rest_route=\/wp\/v2\/types\/page"}],"author":[{"embeddable":true,"href":"https:\/\/www.artspeculation.net\/index.php?rest_route=\/wp\/v2\/users\/1"}],"replies":[{"embeddable":true,"href":"https:\/\/www.artspeculation.net\/index.php?rest_route=%2Fwp%2Fv2%2Fcomments&post=1026"}],"version-history":[{"count":7,"href":"https:\/\/www.artspeculation.net\/index.php?rest_route=\/wp\/v2\/pages\/1026\/revisions"}],"predecessor-version":[{"id":2938,"href":"https:\/\/www.artspeculation.net\/index.php?rest_route=\/wp\/v2\/pages\/1026\/revisions\/2938"}],"up":[{"embeddable":true,"href":"https:\/\/www.artspeculation.net\/index.php?rest_route=\/wp\/v2\/pages\/1349"}],"wp:attachment":[{"href":"https:\/\/www.artspeculation.net\/index.php?rest_route=%2Fwp%2Fv2%2Fmedia&parent=1026"}],"curies":[{"name":"wp","href":"https:\/\/api.w.org\/{rel}","templated":true}]}}