{"id":102,"date":"2012-02-27T17:16:19","date_gmt":"2012-02-27T17:16:19","guid":{"rendered":"http:\/\/www.artspeculation.net\/?page_id=102"},"modified":"2022-04-12T08:11:02","modified_gmt":"2022-04-12T08:11:02","slug":"carre-rose","status":"publish","type":"page","link":"https:\/\/www.artspeculation.net\/?page_id=102","title":{"rendered":"Carr\u00e9 rose"},"content":{"rendered":"\n<div class=\"wp-container-1 wp-block-group\"><div class=\"wp-block-group__inner-container\">\n<p>\n\n<div class=\"ngg-galleryoverview ngg-slideshow\"\n\t id=\"ngg-slideshow-11cb209d7246c8d18ea3ff4c107fedea-11621448050\"\n     data-gallery-id=\"11cb209d7246c8d18ea3ff4c107fedea\"\n     style=\"max-width: 800px; max-height: 600px;\">\n\n \t<div id=\"ngg-image-0\" class=\"ngg-gallery-slideshow-image\" style=\"height:600px\">\n\n        <a href=\"https:\/\/www.artspeculation.net\/wp-content\/gallery\/carrerose\/carrerose0.jpg\"\n           title=\"2011 - quadriptyque, 2x 110x90cm et 2x 90x70 cm - peinture acrylique sur toile, semi encadrement de bois peint.\"\n           data-src=\"https:\/\/www.artspeculation.net\/wp-content\/gallery\/carrerose\/carrerose0.jpg\"\n           data-thumbnail=\"https:\/\/www.artspeculation.net\/wp-content\/gallery\/carrerose\/thumbs\/thumbs_carrerose0.jpg\"\n           data-image-id=\"20\"\n           data-title=\"Carr\u00e9 rose\"\n           data-description=\"2011 - quadriptyque, 2x 110x90cm et 2x 90x70 cm - peinture acrylique sur toile, semi encadrement de bois peint.\"\n           >\n\n            <img data-image-id='20'\n                 title=\"2011 - quadriptyque, 2x 110x90cm et 2x 90x70 cm - peinture acrylique sur toile, semi encadrement de bois peint.\"\n                 alt=\"Carr\u00e9 rose\"\n                 src=\"https:\/\/www.artspeculation.net\/wp-content\/gallery\/carrerose\/carrerose0.jpg\"\n                 style=\"max-height: 580px;\"\/>\n        <\/a>\n\n        <\/div> \n<div id=\"ngg-image-1\" class=\"ngg-gallery-slideshow-image\" style=\"height:600px\">\n\n        <a href=\"https:\/\/www.artspeculation.net\/wp-content\/gallery\/carrerose\/carrerose1.jpg\"\n           title=\"2011 - 90x70 cm - peinture acrylique sur toile, semi encadrement de bois peint.\"\n           data-src=\"https:\/\/www.artspeculation.net\/wp-content\/gallery\/carrerose\/carrerose1.jpg\"\n           data-thumbnail=\"https:\/\/www.artspeculation.net\/wp-content\/gallery\/carrerose\/thumbs\/thumbs_carrerose1.jpg\"\n           data-image-id=\"21\"\n           data-title=\"Carr\u00e9 rose 1\/4\"\n           data-description=\"2011 - 90x70 cm - peinture acrylique sur toile, semi encadrement de bois peint.\"\n           >\n\n            <img data-image-id='21'\n                 title=\"2011 - 90x70 cm - peinture acrylique sur toile, semi encadrement de bois peint.\"\n                 alt=\"Carr\u00e9 rose 1\/4\"\n                 src=\"https:\/\/www.artspeculation.net\/wp-content\/gallery\/carrerose\/carrerose1.jpg\"\n                 style=\"max-height: 580px;\"\/>\n        <\/a>\n\n        <\/div> \n<div id=\"ngg-image-2\" class=\"ngg-gallery-slideshow-image\" style=\"height:600px\">\n\n        <a href=\"https:\/\/www.artspeculation.net\/wp-content\/gallery\/carrerose\/carrerose2.jpg\"\n           title=\"2011 - 110x90 cm - peinture acrylique sur toile, semi encadrement de bois peint.\"\n           data-src=\"https:\/\/www.artspeculation.net\/wp-content\/gallery\/carrerose\/carrerose2.jpg\"\n           data-thumbnail=\"https:\/\/www.artspeculation.net\/wp-content\/gallery\/carrerose\/thumbs\/thumbs_carrerose2.jpg\"\n           data-image-id=\"22\"\n           data-title=\"Carr\u00e9 rose 2\/4\"\n           data-description=\"2011 - 110x90 cm - peinture acrylique sur toile, semi encadrement de bois peint.\"\n           >\n\n            <img data-image-id='22'\n                 title=\"2011 - 110x90 cm - peinture acrylique sur toile, semi encadrement de bois peint.\"\n                 alt=\"Carr\u00e9 rose 2\/4\"\n                 src=\"https:\/\/www.artspeculation.net\/wp-content\/gallery\/carrerose\/carrerose2.jpg\"\n                 style=\"max-height: 580px;\"\/>\n        <\/a>\n\n        <\/div> \n<div id=\"ngg-image-3\" class=\"ngg-gallery-slideshow-image\" style=\"height:600px\">\n\n        <a href=\"https:\/\/www.artspeculation.net\/wp-content\/gallery\/carrerose\/carrerose3.jpg\"\n           title=\"2011 - 110x90 cm - peinture acrylique sur toile, semi encadrement de bois peint.\"\n           data-src=\"https:\/\/www.artspeculation.net\/wp-content\/gallery\/carrerose\/carrerose3.jpg\"\n           data-thumbnail=\"https:\/\/www.artspeculation.net\/wp-content\/gallery\/carrerose\/thumbs\/thumbs_carrerose3.jpg\"\n           data-image-id=\"23\"\n           data-title=\"Carr\u00e9 rose 3\/4\"\n           data-description=\"2011 - 110x90 cm - peinture acrylique sur toile, semi encadrement de bois peint.\"\n           >\n\n            <img data-image-id='23'\n                 title=\"2011 - 110x90 cm - peinture acrylique sur toile, semi encadrement de bois peint.\"\n                 alt=\"Carr\u00e9 rose 3\/4\"\n                 src=\"https:\/\/www.artspeculation.net\/wp-content\/gallery\/carrerose\/carrerose3.jpg\"\n                 style=\"max-height: 580px;\"\/>\n        <\/a>\n\n        <\/div> \n<div id=\"ngg-image-4\" class=\"ngg-gallery-slideshow-image\" style=\"height:600px\">\n\n        <a href=\"https:\/\/www.artspeculation.net\/wp-content\/gallery\/carrerose\/carrerose4.jpg\"\n           title=\"2011 - 90x70 cm - peinture acrylique sur toile, semi encadrement de bois peint.\"\n           data-src=\"https:\/\/www.artspeculation.net\/wp-content\/gallery\/carrerose\/carrerose4.jpg\"\n           data-thumbnail=\"https:\/\/www.artspeculation.net\/wp-content\/gallery\/carrerose\/thumbs\/thumbs_carrerose4.jpg\"\n           data-image-id=\"24\"\n           data-title=\"Carr\u00e9 rose 4\/4\"\n           data-description=\"2011 - 90x70 cm - peinture acrylique sur toile, semi encadrement de bois peint.\"\n           >\n\n            <img data-image-id='24'\n                 title=\"2011 - 90x70 cm - peinture acrylique sur toile, semi encadrement de bois peint.\"\n                 alt=\"Carr\u00e9 rose 4\/4\"\n                 src=\"https:\/\/www.artspeculation.net\/wp-content\/gallery\/carrerose\/carrerose4.jpg\"\n                 style=\"max-height: 580px;\"\/>\n        <\/a>\n\n        <\/div> \n<\/div>\n\n\n\t\t<!-- Thumbnails Link -->\n\t<div class=\"slideshowlink\" style=\"max-width: 800px;\">\n        <a href='https:\/\/www.artspeculation.net\/index.php\/nggallery\/thumbnails?page_id=102'><\/a>\n\t<\/div>\n\n<br><strong>Carr\u00e9 rose<\/strong> &nbsp;&nbsp;2012 &#8211; quadriptyque, 90\u00d770 cm, 110\u00d790 cm, 110\u00d790 cm et 90\u00d770 cm &#8211; peinture acrylique sur toile, semi encadrement de bois peint.<\/p>\n<p><em>Les sites Internet \u00e0 caract\u00e8re pornographique sont curieusement les plus visit\u00e9s alors que personne n\u2019est pr\u00eat \u00e0 revendiquer publiquement cette pratique. Jadis on exposait sans \u00e9tats d\u2019\u00e2me des nus \u00e9rotiques dans les salons et les jardins sous pr\u00e9texte de r\u00e9f\u00e9rence classique, \u00e0 une \u00e9poque qui se voulait pourtant vertueuse. L\u2019hypocrisie semble toujours d\u2019actualit\u00e9.<\/em><\/p>\n<p>&nbsp;<\/p>\n<p><small>Pour agrandir, cliquez sur l&rsquo;image :<\/small><\/p>\n<p><a class=\"thickbox\" title=\"Carr\u00e9 rose   2012 - quadriptyque, 180\u00d7180 cm - peinture acrylique sur toile, semi encadrement de bois peint.\" href=\"https:\/\/www.artspeculation.net\/wp-content\/gallery\/carrerose\/carrerose0.jpg\" rel=\"\"><img class=\"ngg-singlepic ngg-left\" src=\"https:\/\/www.artspeculation.net\/wp-content\/gallery\/carrerose\/thumbs\/thumbs_carrerose0.jpg\" alt=\"carrerose\"><\/a><br><strong>Carr\u00e9 rose<\/strong> &nbsp;&nbsp;2012 &#8211; quadriptyque, 180\u00d7180 cm &#8211; peinture acrylique sur toile, semi encadrement de bois peint.<\/p>\n<p><a class=\"thickbox\" title=\"Carr\u00e9 rose 1\/4   2012 - 90\u00d770 cm - peinture acrylique sur toile, semi encadrement de bois peint.\" href=\"https:\/\/www.artspeculation.net\/wp-content\/gallery\/carrerose\/carrerose1.jpg\" rel=\"\"><img class=\"ngg-singlepic ngg-left\" src=\"https:\/\/www.artspeculation.net\/wp-content\/gallery\/carrerose\/thumbs\/thumbs_carrerose1.jpg\" alt=\"carrerose1\"><\/a><br><strong>Carr\u00e9 rose 1\/4 <\/strong> &nbsp;&nbsp;2012 &#8211; 90\u00d770 cm &#8211; peinture acrylique sur toile, semi encadrement de bois peint.<\/p>\n<p><a class=\"thickbox\" title=\"Carr\u00e9 rose 2\/4   2012 - 110\u00d790 cm - peinture acrylique sur toile, semi encadrement de bois peint.\" href=\"https:\/\/www.artspeculation.net\/wp-content\/gallery\/carrerose\/carrerose2.jpg\" rel=\"\"><img class=\"ngg-singlepic ngg-left\" src=\"https:\/\/www.artspeculation.net\/wp-content\/gallery\/carrerose\/thumbs\/thumbs_carrerose2.jpg\" alt=\"carrerose2\"><\/a><br><strong>Carr\u00e9 rose 2\/4<\/strong> &nbsp;&nbsp;2012 &#8211; 110\u00d790 cm &#8211; peinture acrylique sur toile, semi encadrement de bois peint.<\/p>\n<p><a class=\"thickbox\" title=\"Carr\u00e9 rose 3\/4   2012 - 110\u00d790 cm - peinture acrylique sur toile, semi encadrement de bois peint.\" href=\"https:\/\/www.artspeculation.net\/wp-content\/gallery\/carrerose\/carrerose3.jpg\" rel=\"\"><img class=\"ngg-singlepic ngg-left\" src=\"https:\/\/www.artspeculation.net\/wp-content\/gallery\/carrerose\/thumbs\/thumbs_carrerose3.jpg\" alt=\"carrerose3\"><\/a><br><strong>Carr\u00e9 rose 3\/4<\/strong> &nbsp;&nbsp;2012 &#8211; 110\u00d790 cm &#8211; peinture acrylique sur toile, semi encadrement de bois peint.<\/p>\n<p><a class=\"thickbox\" title=\"Carr\u00e9 rose 4\/4   2012 - 90\u00d770 cm - peinture acrylique sur toile, semi encadrement de bois peint.\" href=\"https:\/\/www.artspeculation.net\/wp-content\/gallery\/carrerose\/carrerose4.jpg\" rel=\"\"><img class=\"ngg-singlepic ngg-left\" src=\"https:\/\/www.artspeculation.net\/wp-content\/gallery\/carrerose\/thumbs\/thumbs_carrerose4.jpg\" alt=\"carrerose4\"><\/a><br><strong>Carr\u00e9 rose 4\/4<\/strong> &nbsp;&nbsp;2012 &#8211; 90\u00d770 cm &#8211; peinture acrylique sur toile, semi encadrement de bois peint.<\/p>\n<p>&nbsp;<\/p>\n<p>&nbsp;<\/p>\n<p><a href=\"https:\/\/www.artspeculation.net\/?page_id=34\"> Retour portofolio<\/a><\/p>\n<\/div><\/div>\n","protected":false},"excerpt":{"rendered":"<p>Carr\u00e9 rose &nbsp;&nbsp;2012 &#8211; quadriptyque, 90\u00d770 cm, 110\u00d790 cm, 110\u00d790 cm et 90\u00d770 cm &#8211; peinture acrylique sur toile, semi encadrement de bois peint. Les sites Internet \u00e0 caract\u00e8re pornographique sont curieusement les plus visit\u00e9s alors que personne n\u2019est pr\u00eat \u00e0 revendiquer publiquement cette pratique. Jadis on exposait sans \u00e9tats d\u2019\u00e2me des nus \u00e9rotiques dans [&hellip;]<\/p>\n","protected":false},"author":1,"featured_media":0,"parent":1349,"menu_order":0,"comment_status":"closed","ping_status":"closed","template":"onecolumn-page.php","meta":{"ngg_post_thumbnail":0},"_links":{"self":[{"href":"https:\/\/www.artspeculation.net\/index.php?rest_route=\/wp\/v2\/pages\/102"}],"collection":[{"href":"https:\/\/www.artspeculation.net\/index.php?rest_route=\/wp\/v2\/pages"}],"about":[{"href":"https:\/\/www.artspeculation.net\/index.php?rest_route=\/wp\/v2\/types\/page"}],"author":[{"embeddable":true,"href":"https:\/\/www.artspeculation.net\/index.php?rest_route=\/wp\/v2\/users\/1"}],"replies":[{"embeddable":true,"href":"https:\/\/www.artspeculation.net\/index.php?rest_route=%2Fwp%2Fv2%2Fcomments&post=102"}],"version-history":[{"count":139,"href":"https:\/\/www.artspeculation.net\/index.php?rest_route=\/wp\/v2\/pages\/102\/revisions"}],"predecessor-version":[{"id":2556,"href":"https:\/\/www.artspeculation.net\/index.php?rest_route=\/wp\/v2\/pages\/102\/revisions\/2556"}],"up":[{"embeddable":true,"href":"https:\/\/www.artspeculation.net\/index.php?rest_route=\/wp\/v2\/pages\/1349"}],"wp:attachment":[{"href":"https:\/\/www.artspeculation.net\/index.php?rest_route=%2Fwp%2Fv2%2Fmedia&parent=102"}],"curies":[{"name":"wp","href":"https:\/\/api.w.org\/{rel}","templated":true}]}}