{"id":1004,"date":"2012-09-09T12:40:43","date_gmt":"2012-09-09T12:40:43","guid":{"rendered":"http:\/\/www.artspeculation.net\/?page_id=1004"},"modified":"2022-04-12T07:57:47","modified_gmt":"2022-04-12T07:57:47","slug":"econo-tag","status":"publish","type":"page","link":"https:\/\/www.artspeculation.net\/?page_id=1004","title":{"rendered":"Econo-tag"},"content":{"rendered":"\n<div class=\"wp-container-1 wp-block-group\"><div class=\"wp-block-group__inner-container\">\n<p>\n\n<div class=\"ngg-galleryoverview ngg-slideshow\"\n\t id=\"ngg-slideshow-7a5e4ec53b699543b22e790abb6b44af-16248999120\"\n     data-gallery-id=\"7a5e4ec53b699543b22e790abb6b44af\"\n     style=\"max-width: 800px; max-height: 600px;\">\n\n \t<div id=\"ngg-image-0\" class=\"ngg-gallery-slideshow-image\" style=\"height:600px\">\n\n        <a href=\"https:\/\/www.artspeculation.net\/wp-content\/gallery\/econotag\/econotag.jpg\"\n           title=\"\"\n           data-src=\"https:\/\/www.artspeculation.net\/wp-content\/gallery\/econotag\/econotag.jpg\"\n           data-thumbnail=\"https:\/\/www.artspeculation.net\/wp-content\/gallery\/econotag\/thumbs\/thumbs_econotag.jpg\"\n           data-image-id=\"134\"\n           data-title=\"econotag\"\n           data-description=\"\"\n           >\n\n            <img data-image-id='134'\n                 title=\"\"\n                 alt=\"econotag\"\n                 src=\"https:\/\/www.artspeculation.net\/wp-content\/gallery\/econotag\/econotag.jpg\"\n                 style=\"max-height: 580px;\"\/>\n        <\/a>\n\n        <\/div> \n<div id=\"ngg-image-1\" class=\"ngg-gallery-slideshow-image\" style=\"height:600px\">\n\n        <a href=\"https:\/\/www.artspeculation.net\/wp-content\/gallery\/econotag\/econotagdetail.jpg\"\n           title=\"\"\n           data-src=\"https:\/\/www.artspeculation.net\/wp-content\/gallery\/econotag\/econotagdetail.jpg\"\n           data-thumbnail=\"https:\/\/www.artspeculation.net\/wp-content\/gallery\/econotag\/thumbs\/thumbs_econotagdetail.jpg\"\n           data-image-id=\"135\"\n           data-title=\"econotagdetail\"\n           data-description=\"\"\n           >\n\n            <img data-image-id='135'\n                 title=\"\"\n                 alt=\"econotagdetail\"\n                 src=\"https:\/\/www.artspeculation.net\/wp-content\/gallery\/econotag\/econotagdetail.jpg\"\n                 style=\"max-height: 580px;\"\/>\n        <\/a>\n\n        <\/div> \n<\/div>\n\n\n\t\t<!-- Thumbnails Link -->\n\t<div class=\"slideshowlink\" style=\"max-width: 800px;\">\n        <a href='https:\/\/www.artspeculation.net\/index.php\/nggallery\/thumbnails?page_id=1004'><\/a>\n\t<\/div>\n\n<br><strong>Econo-tag<\/strong> &nbsp;&nbsp;2011 &#8211; 53x71cm &#8211; puzzle peint, encadrement sous-verre.<\/p>\n<p><em>Les tags sont apparus dans les banlieues comme moyen de s&rsquo;affirmer.<br>On a finalement consid\u00e9r\u00e9 ces tags comme des \u0153uvres d&rsquo;art \u00e0 part enti\u00e8re.<br>Dans le march\u00e9 de l&rsquo;art, la signature d\u00e9terminait d\u00e9j\u00e0 la valeur marchande, au point d&rsquo;effacer l&rsquo;int\u00e9r\u00eat du support. De mani\u00e8re similaire, la d\u00e9marche commerciale valorise la marque au-del\u00e0 de la qualit\u00e9 r\u00e9elle du produit.<br>En s&#8217;emparant du QR CODE, symbole moderne du commerce, comme signature, <\/em>artspeculation<em> pr\u00e9tend transformer un objet banal en \u0153uvre d&rsquo;art.<\/em><\/p>\n<p>&nbsp;<\/p>\n<p><small>Pour agrandir, cliquez sur l&rsquo;image :<\/small><br><a class=\"thickbox\" title=\"Econo-tag   2012 - 53x71cm - puzzle peint, encadrement sous-verre.\" href=\"https:\/\/www.artspeculation.net\/wp-content\/gallery\/econotag\/econotag.jpg\" rel=\"\"><img class=\"ngg-singlepic ngg-left\" src=\"https:\/\/www.artspeculation.net\/wp-content\/gallery\/econotag\/thumbs\/thumbs_econotag.jpg\" alt=\"Econo-tag\"><\/a><br><strong>Econo-tag<\/strong> &nbsp;&nbsp;2012 &#8211; 53x71cm &#8211; puzzle peint, encadrement sous-verre.<\/p>\n<p><a class=\"thickbox\" title=\"Econo-tag (d\u00e9tail)   2012 - 53x71cm - puzzle peint, encadrement sous-verre.\" href=\"https:\/\/www.artspeculation.net\/wp-content\/gallery\/econotag\/econotagdetail.jpg\" rel=\"\"><img class=\"ngg-singlepic ngg-left\" src=\"https:\/\/www.artspeculation.net\/wp-content\/gallery\/econotag\/thumbs\/thumbs_econotagdetail.jpg\" alt=\"Econo-tag (d\u00e9tail)\"><\/a><br><strong>Econo-tag<\/strong> d\u00e9tail &nbsp;&nbsp;2012 &#8211; 53x71cm &#8211; puzzle peint, encadrement sous-verre.<\/p>\n<p><a href=\"https:\/\/www.artspeculation.net\/?page_id=34\"> Retour portofolio<\/a><\/p>\n<\/div><\/div>\n","protected":false},"excerpt":{"rendered":"<p>Econo-tag &nbsp;&nbsp;2011 &#8211; 53x71cm &#8211; puzzle peint, encadrement sous-verre. Les tags sont apparus dans les banlieues comme moyen de s&rsquo;affirmer.On a finalement consid\u00e9r\u00e9 ces tags comme des \u0153uvres d&rsquo;art \u00e0 part enti\u00e8re.Dans le march\u00e9 de l&rsquo;art, la signature d\u00e9terminait d\u00e9j\u00e0 la valeur marchande, au point d&rsquo;effacer l&rsquo;int\u00e9r\u00eat du support. De mani\u00e8re similaire, la d\u00e9marche commerciale [&hellip;]<\/p>\n","protected":false},"author":1,"featured_media":0,"parent":1349,"menu_order":0,"comment_status":"closed","ping_status":"closed","template":"onecolumn-page.php","meta":{"ngg_post_thumbnail":0},"_links":{"self":[{"href":"https:\/\/www.artspeculation.net\/index.php?rest_route=\/wp\/v2\/pages\/1004"}],"collection":[{"href":"https:\/\/www.artspeculation.net\/index.php?rest_route=\/wp\/v2\/pages"}],"about":[{"href":"https:\/\/www.artspeculation.net\/index.php?rest_route=\/wp\/v2\/types\/page"}],"author":[{"embeddable":true,"href":"https:\/\/www.artspeculation.net\/index.php?rest_route=\/wp\/v2\/users\/1"}],"replies":[{"embeddable":true,"href":"https:\/\/www.artspeculation.net\/index.php?rest_route=%2Fwp%2Fv2%2Fcomments&post=1004"}],"version-history":[{"count":23,"href":"https:\/\/www.artspeculation.net\/index.php?rest_route=\/wp\/v2\/pages\/1004\/revisions"}],"predecessor-version":[{"id":2538,"href":"https:\/\/www.artspeculation.net\/index.php?rest_route=\/wp\/v2\/pages\/1004\/revisions\/2538"}],"up":[{"embeddable":true,"href":"https:\/\/www.artspeculation.net\/index.php?rest_route=\/wp\/v2\/pages\/1349"}],"wp:attachment":[{"href":"https:\/\/www.artspeculation.net\/index.php?rest_route=%2Fwp%2Fv2%2Fmedia&parent=1004"}],"curies":[{"name":"wp","href":"https:\/\/api.w.org\/{rel}","templated":true}]}}